{"id":26823,"date":"2025-02-10T21:02:45","date_gmt":"2025-02-10T21:02:45","guid":{"rendered":"https:\/\/ba1rpboxvb.preview.infomaniak.website\/?page_id=26823"},"modified":"2026-04-15T14:16:58","modified_gmt":"2026-04-15T14:16:58","slug":"blog","status":"publish","type":"page","link":"https:\/\/dev.learning-partners.com\/fr\/blog\/","title":{"rendered":"D\u00e9couvrez le blog Learning Partners"},"content":{"rendered":"\n<div class=\"et_pb_section_0 et_pb_section et_section_regular et_block_section\"><div class=\"et_pb_row_0 et_pb_row et_block_row\"><div class=\"et_pb_column_0 et_pb_column et_pb_column_4_4 et-last-child et_block_column et_pb_css_mix_blend_mode_passthrough\"><div class=\"et_pb_heading_0 et_pb_heading et_pb_module et_block_module preset--module--divi-heading--aa652193-92c7-48e3-be3d-a06ab5425b33\"><div class=\"et_pb_heading_container\"><h1 class=\"et_pb_module_header\">Consultez notre blog<\/h1><\/div><\/div><div class=\"et_pb_blog_0 et_pb_blog et_pb_bg_layout_light et_pb_posts et_pb_module preset--module--divi-blog--2b0e2d6f-2e66-4f53-9544-601c71669dbd\"><div class=\"et_pb_ajax_pagination_container\"><div class=\"et_pb_posts et_grid_module\"><article class=\"et_pb_post et_pb_post_id_27098 clearfix et_pb_blog_item_0_0 post-27098 post type-post status-publish format-standard has-post-thumbnail hentry\"><div class=\"et_pb_image_container\"><a href=\"https:\/\/dev.learning-partners.com\/fr\/methode-mbti\/\" class=\"entry-featured-image-url\"><img loading=\"lazy\" decoding=\"async\" src=\"https:\/\/dev.learning-partners.com\/wp-content\/uploads\/2025\/05\/methode-mbti.webp\" width=\"400\" height=\"284\" alt=\"M\u00e9thode MBTI : l&#039;outil pour mieux se conna\u00eetre avec Learning Partners\" class=\"\" srcset=\"https:\/\/dev.learning-partners.com\/wp-content\/uploads\/2025\/05\/methode-mbti.webp 479w, https:\/\/dev.learning-partners.com\/wp-content\/uploads\/2025\/05\/methode-mbti-400x284.webp 480w\" sizes=\"(max-width:479px) 479px, 100vw\" \/><span data-icon=\"\ue050\" class=\"et_overlay et_pb_inline_icon\"><\/span><\/a><\/div><h2 class=\"entry-title\"><a href=\"https:\/\/dev.learning-partners.com\/fr\/methode-mbti\/\">La m\u00e9thode MBTI\u00a0: comment mieux comprendre vos \u00e9quipes et renforcer la coh\u00e9sion et l\u2019engagement\u00a0?<\/a><\/h2><p class=\"post-meta\">by <span class=\"author vcard\"><a href=\"https:\/\/dev.learning-partners.com\/fr\/author\/adm-tdullin\/\" title=\"Posts by Thomas Dulin\" rel=\"author\">Thomas Dulin<\/a><\/span> | <span class=\"published\">Mai 13, 2025<\/span> | <span class=\"entry-categories\"><\/span><\/p><div class=\"post-content\"><div class=\"post-content-inner\"><p>L\u2019environnement professionnel \u00e9volue constamment. Le management doit donc changer aussi, et r\u00e9pondre rapidement et efficacement aux sollicitations de son environnement. C\u2019est pourquoi la m\u00e9thode&#8230;<\/p>\n<\/div><\/div><\/article><article class=\"et_pb_post et_pb_post_id_26809 clearfix et_pb_blog_item_0_1 post-26809 post type-post status-publish format-standard has-post-thumbnail hentry\"><div class=\"et_pb_image_container\"><a href=\"https:\/\/dev.learning-partners.com\/fr\/tout-savoir-agilite-strategique\/\" class=\"entry-featured-image-url\"><img loading=\"lazy\" decoding=\"async\" src=\"https:\/\/dev.learning-partners.com\/wp-content\/uploads\/2025\/02\/agilite-strategique-entreprise.webp\" width=\"400\" height=\"284\" alt=\"L&#039;agilit\u00e9 strat\u00e9gique en entreprise\" class=\"\" srcset=\"https:\/\/dev.learning-partners.com\/wp-content\/uploads\/2025\/02\/agilite-strategique-entreprise.webp 479w, https:\/\/dev.learning-partners.com\/wp-content\/uploads\/2025\/02\/agilite-strategique-entreprise-400x284.webp 480w\" sizes=\"(max-width:479px) 479px, 100vw\" \/><span data-icon=\"\ue050\" class=\"et_overlay et_pb_inline_icon\"><\/span><\/a><\/div><h2 class=\"entry-title\"><a href=\"https:\/\/dev.learning-partners.com\/fr\/tout-savoir-agilite-strategique\/\">Comment mettre en \u0153uvre l\u2019agilit\u00e9 strat\u00e9gique en entreprise\u00a0?<\/a><\/h2><p class=\"post-meta\">by <span class=\"author vcard\"><a href=\"https:\/\/dev.learning-partners.com\/fr\/author\/adm-mve\/\" title=\"Posts by Michael Van Eck\" rel=\"author\">Michael Van Eck<\/a><\/span> | <span class=\"published\">F\u00e9v 10, 2025<\/span> | <span class=\"entry-categories\"><\/span><\/p><div class=\"post-content\"><div class=\"post-content-inner\"><p>Le march\u00e9 du travail est en pleine mutation. Les nouvelles pratiques en lien avec la transformation num\u00e9rique (freelancing, nomadisme, travail hybride ou full remote) obligent les entreprises \u00e0&#8230;<\/p>\n<\/div><\/div><\/article><article class=\"et_pb_post et_pb_post_id_26811 clearfix et_pb_blog_item_0_2 post-26811 post type-post status-publish format-standard has-post-thumbnail hentry\"><div class=\"et_pb_image_container\"><a href=\"https:\/\/dev.learning-partners.com\/fr\/comment-devenir-leader-authentique\/\" class=\"entry-featured-image-url\"><img loading=\"lazy\" decoding=\"async\" src=\"https:\/\/dev.learning-partners.com\/wp-content\/uploads\/2025\/02\/leader-authentique.webp\" width=\"400\" height=\"284\" alt=\"Illustration du leadership\" class=\"\" srcset=\"https:\/\/dev.learning-partners.com\/wp-content\/uploads\/2025\/02\/leader-authentique.webp 479w, https:\/\/dev.learning-partners.com\/wp-content\/uploads\/2025\/02\/leader-authentique-400x284.webp 480w\" sizes=\"(max-width:479px) 479px, 100vw\" \/><span data-icon=\"\ue050\" class=\"et_overlay et_pb_inline_icon\"><\/span><\/a><\/div><h2 class=\"entry-title\"><a href=\"https:\/\/dev.learning-partners.com\/fr\/comment-devenir-leader-authentique\/\">Le leadership authentique\u00a0: comment inspirer vos \u00e9quipes\u00a0?<\/a><\/h2><p class=\"post-meta\">by <span class=\"author vcard\"><a href=\"https:\/\/dev.learning-partners.com\/fr\/author\/adm-mve\/\" title=\"Posts by Michael Van Eck\" rel=\"author\">Michael Van Eck<\/a><\/span> | <span class=\"published\">F\u00e9v 10, 2025<\/span> | <span class=\"entry-categories\"><\/span><\/p><div class=\"post-content\"><div class=\"post-content-inner\"><p>\u00cates-vous un bon leader&nbsp;? Cette question, il est normal que vous vous la posiez fr\u00e9quemment, si vous \u00eates \u00e0 la t\u00eate de votre organisation ou responsables d\u2019\u00e9quipes. En effet, un bon manager au&#8230;<\/p>\n<\/div><\/div><\/article><article class=\"et_pb_post et_pb_post_id_26012 clearfix et_pb_blog_item_0_3 post-26012 post type-post status-publish format-standard has-post-thumbnail hentry\"><div class=\"et_pb_image_container\"><a href=\"https:\/\/dev.learning-partners.com\/fr\/qu-est-ce-qu-un-learning-partners\/\" class=\"entry-featured-image-url\"><img loading=\"lazy\" decoding=\"async\" src=\"https:\/\/dev.learning-partners.com\/wp-content\/uploads\/2025\/02\/qu-est-ce-qu-un-learning-partners.webp\" width=\"400\" height=\"284\" alt=\"R\u00e9union entre collaborateurs Learning Partners\" class=\"\" srcset=\"https:\/\/dev.learning-partners.com\/wp-content\/uploads\/2025\/02\/qu-est-ce-qu-un-learning-partners.webp 479w, https:\/\/dev.learning-partners.com\/wp-content\/uploads\/2025\/02\/qu-est-ce-qu-un-learning-partners-400x284.webp 480w\" sizes=\"(max-width:479px) 479px, 100vw\" \/><span data-icon=\"\ue050\" class=\"et_overlay et_pb_inline_icon\"><\/span><\/a><\/div><h2 class=\"entry-title\"><a href=\"https:\/\/dev.learning-partners.com\/fr\/qu-est-ce-qu-un-learning-partners\/\">Qu&#8217;est-ce qu&#8217;un Learning Partner ?<\/a><\/h2><p class=\"post-meta\">by <span class=\"author vcard\"><a href=\"https:\/\/dev.learning-partners.com\/fr\/author\/adm-mve\/\" title=\"Posts by Michael Van Eck\" rel=\"author\">Michael Van Eck<\/a><\/span> | <span class=\"published\">F\u00e9v 7, 2025<\/span> | <span class=\"entry-categories\"><\/span><\/p><div class=\"post-content\"><div class=\"post-content-inner\"><p>Le Learning Partner\u00a0: un expert au service de votre r\u00e9ussite\u00a0! En tant que manager, vous manquez de temps pour mener une analyse compl\u00e8te et exhaustive de la situation de votre entreprise? Vous&#8230;<\/p>\n<\/div><\/div><\/article><article class=\"et_pb_post et_pb_post_id_26781 clearfix et_pb_blog_item_0_4 post-26781 post type-post status-publish format-standard has-post-thumbnail hentry\"><div class=\"et_pb_image_container\"><a href=\"https:\/\/dev.learning-partners.com\/fr\/comment-choisir-partenaire-confiance\/\" class=\"entry-featured-image-url\"><img loading=\"lazy\" decoding=\"async\" src=\"https:\/\/dev.learning-partners.com\/wp-content\/uploads\/2025\/02\/comment-choisir-partenaire-confiance.webp\" width=\"400\" height=\"284\" alt=\"Trouver votre partenaire de confiance Learning Partners\" class=\"\" srcset=\"https:\/\/dev.learning-partners.com\/wp-content\/uploads\/2025\/02\/comment-choisir-partenaire-confiance.webp 479w, https:\/\/dev.learning-partners.com\/wp-content\/uploads\/2025\/02\/comment-choisir-partenaire-confiance-400x284.webp 480w\" sizes=\"(max-width:479px) 479px, 100vw\" \/><span data-icon=\"\ue050\" class=\"et_overlay et_pb_inline_icon\"><\/span><\/a><\/div><h2 class=\"entry-title\"><a href=\"https:\/\/dev.learning-partners.com\/fr\/comment-choisir-partenaire-confiance\/\">Qu\u2019est-ce qu\u2019un partenariat de confiance\u00a0?<\/a><\/h2><p class=\"post-meta\">by <span class=\"author vcard\"><a href=\"https:\/\/dev.learning-partners.com\/fr\/author\/adm-mve\/\" title=\"Posts by Michael Van Eck\" rel=\"author\">Michael Van Eck<\/a><\/span> | <span class=\"published\">F\u00e9v 7, 2025<\/span> | <span class=\"entry-categories\"><\/span><\/p><div class=\"post-content\"><div class=\"post-content-inner\"><p>La confiance rev\u00eat une dimension centrale dans le domaine du management. Elle favorise la collaboration et l\u2019engagement sur le long terme. Elle permet la cr\u00e9ation de liens solides, ainsi qu\u2019une&#8230;<\/p>\n<\/div><\/div><\/article><article class=\"et_pb_post et_pb_post_id_26787 clearfix et_pb_blog_item_0_5 post-26787 post type-post status-publish format-standard has-post-thumbnail hentry\"><div class=\"et_pb_image_container\"><a href=\"https:\/\/dev.learning-partners.com\/fr\/tout-savoir-management-par-la-confiance\/\" class=\"entry-featured-image-url\"><img loading=\"lazy\" decoding=\"async\" src=\"https:\/\/dev.learning-partners.com\/wp-content\/uploads\/2025\/02\/management-par-la-confiance.webp\" width=\"400\" height=\"284\" alt=\"Le management par la confiance\u00a0: comment mettre en \u0153uvre un nouveau style de leadership\" class=\"\" srcset=\"https:\/\/dev.learning-partners.com\/wp-content\/uploads\/2025\/02\/management-par-la-confiance.webp 479w, https:\/\/dev.learning-partners.com\/wp-content\/uploads\/2025\/02\/management-par-la-confiance-400x284.webp 480w\" sizes=\"(max-width:479px) 479px, 100vw\" \/><span data-icon=\"\ue050\" class=\"et_overlay et_pb_inline_icon\"><\/span><\/a><\/div><h2 class=\"entry-title\"><a href=\"https:\/\/dev.learning-partners.com\/fr\/tout-savoir-management-par-la-confiance\/\">Le management par la confiance\u00a0: comment mettre en \u0153uvre un nouveau style de leadership<\/a><\/h2><p class=\"post-meta\">by <span class=\"author vcard\"><a href=\"https:\/\/dev.learning-partners.com\/fr\/author\/adm-mve\/\" title=\"Posts by Michael Van Eck\" rel=\"author\">Michael Van Eck<\/a><\/span> | <span class=\"published\">F\u00e9v 7, 2025<\/span> | <span class=\"entry-categories\"><\/span><\/p><div class=\"post-content\"><div class=\"post-content-inner\"><p>\u00ab La raison d\u2019\u00eatre d\u2019une organisation est de permettre \u00e0 des gens ordinaires de faire des choses extraordinaires. \u00bb Peter Drucker (L&#8217;avenir du management \u2013 1999) La confiance est un facteur&#8230;<\/p>\n<\/div><\/div><\/article><\/div><div class=\"pagination clearfix\">\n\t<div class=\"alignleft\"><\/div>\n\t<div class=\"alignright\"><\/div>\n<\/div><\/div><\/div><\/div><\/div><\/div>\n","protected":false},"excerpt":{"rendered":"","protected":false},"author":1,"featured_media":0,"parent":0,"menu_order":15,"comment_status":"closed","ping_status":"closed","template":"","meta":{"footnotes":""},"class_list":["post-26823","page","type-page","status-publish","hentry"],"_links":{"self":[{"href":"https:\/\/dev.learning-partners.com\/fr\/wp-json\/wp\/v2\/pages\/26823","targetHints":{"allow":["GET"]}}],"collection":[{"href":"https:\/\/dev.learning-partners.com\/fr\/wp-json\/wp\/v2\/pages"}],"about":[{"href":"https:\/\/dev.learning-partners.com\/fr\/wp-json\/wp\/v2\/types\/page"}],"author":[{"embeddable":true,"href":"https:\/\/dev.learning-partners.com\/fr\/wp-json\/wp\/v2\/users\/1"}],"replies":[{"embeddable":true,"href":"https:\/\/dev.learning-partners.com\/fr\/wp-json\/wp\/v2\/comments?post=26823"}],"version-history":[{"count":1,"href":"https:\/\/dev.learning-partners.com\/fr\/wp-json\/wp\/v2\/pages\/26823\/revisions"}],"predecessor-version":[{"id":27156,"href":"https:\/\/dev.learning-partners.com\/fr\/wp-json\/wp\/v2\/pages\/26823\/revisions\/27156"}],"wp:attachment":[{"href":"https:\/\/dev.learning-partners.com\/fr\/wp-json\/wp\/v2\/media?parent=26823"}],"curies":[{"name":"wp","href":"https:\/\/api.w.org\/{rel}","templated":true}]}}